{"id":885,"date":"2020-03-03T21:08:10","date_gmt":"2020-03-03T21:08:10","guid":{"rendered":"https:\/\/tinshack.ca\/?page_id=885"},"modified":"2020-09-28T02:26:53","modified_gmt":"2020-09-28T02:26:53","slug":"fabricants","status":"publish","type":"page","link":"https:\/\/tinshack.ca\/mystaging03\/fr\/fabricants\/","title":{"rendered":"Fabricants"},"content":{"rendered":"<p>[et_pb_section fb_built=&#8221;1&#8243; admin_label=&#8221;Service Section&#8221; _builder_version=&#8221;3.22&#8243; custom_margin=&#8221;|||&#8221; custom_padding=&#8221;70px||80px|||&#8221;][et_pb_row admin_label=&#8221;Service Section Title&#8221; _builder_version=&#8221;3.25&#8243; custom_margin=&#8221;|auto|2px|auto||&#8221; custom_padding=&#8221;29px|||||&#8221; animation_style=&#8221;fade&#8221; animation_direction=&#8221;top&#8221; saved_tabs=&#8221;all&#8221;][et_pb_column type=&#8221;4_4&#8243; _builder_version=&#8221;3.25&#8243; custom_padding=&#8221;|||&#8221; custom_padding__hover=&#8221;|||&#8221;][et_pb_text _builder_version=&#8221;4.4.1&#8243;]<\/p>\n<h1>Opportunit\u00e9s de fabrication<\/h1>\n<p>[\/et_pb_text][et_pb_text admin_label=&#8221;Subtitle&#8221; _builder_version=&#8221;4.0.7&#8243; text_font=&#8221;||||||||&#8221; text_text_color=&#8221;#747d88&#8243; text_font_size=&#8221;16px&#8221; header_font=&#8221;||||||||&#8221; module_alignment=&#8221;center&#8221; custom_margin=&#8221;|||&#8221; animation_style=&#8221;slide&#8221; animation_direction=&#8221;bottom&#8221; animation_delay=&#8221;100ms&#8221; animation_intensity_slide=&#8221;4%&#8221;]<\/p>\n<p>\u00cates-vous une entreprise de fabrication de chaussures \u00e0 la recherche d&#8217;un distributeur canadien\u00a0? Tin Shack repr\u00e9sente des marques de chaussures comme <strong><a href=\"\/blundstone\/\" target=\"_blank\" rel=\"noopener noreferrer\" title=\"Blundstone Canada\">Blundstone<\/a>\u00a0et<\/strong>\u00a0<strong><a href=\"\/glerups\/\" target=\"_blank\" rel=\"noopener noreferrer\" title=\"Glerups Canada\">Glerups<\/a><\/strong> pour tout le march\u00e9 canadien. D\u00e9couvrez comment votre entreprise peut capitaliser sur nos racines profondes dans le march\u00e9, avec des repr\u00e9sentants des ventes Tin Shack pr\u00eats \u00e0 mousser votre image de marque dans toutes les provinces et les territoires.<\/p>\n<p>[\/et_pb_text][\/et_pb_column][\/et_pb_row][\/et_pb_section][et_pb_section fb_built=&#8221;1&#8243; admin_label=&#8221;Contact Form Section&#8221; _builder_version=&#8221;3.22&#8243; background_color=&#8221;#f7f7f7&#8243; custom_padding=&#8221;50px||90px|||&#8221; animation_direction=&#8221;bottom&#8221; saved_tabs=&#8221;all&#8221;][et_pb_row admin_label=&#8221;Contact Form&#8221; _builder_version=&#8221;3.25&#8243; animation_style=&#8221;fade&#8221;][et_pb_column type=&#8221;4_4&#8243; _builder_version=&#8221;3.25&#8243; custom_padding=&#8221;|||&#8221; custom_padding__hover=&#8221;|||&#8221;][et_pb_contact_form email=&#8221;marissa@tinshack.ca&#8221; title=&#8221;Formulaire de demande pour partenaire fabricant&#8221; custom_message=&#8221;%%name%% has sent a message from the Tin Shack Distribution Inquiry Form (french).||et_pb_line_break_holder||||et_pb_line_break_holder||Contact Info: ||et_pb_line_break_holder||%%name%%||et_pb_line_break_holder||%%email%%||et_pb_line_break_holder||%%phone%%||et_pb_line_break_holder||______________________________________________||et_pb_line_break_holder||||et_pb_line_break_holder||%%message%%||et_pb_line_break_holder||||et_pb_line_break_holder||______________________________________________||et_pb_line_break_holder||||et_pb_line_break_holder||Retail Store Information:||et_pb_line_break_holder||%%Company_name%%||et_pb_line_break_holder||%%website%%||et_pb_line_break_holder||||et_pb_line_break_holder||%%address_1%%||et_pb_line_break_holder||%%address_2%%||et_pb_line_break_holder||%%city%%, %%postal_code%%||et_pb_line_break_holder||%%province%%&#8221; success_message=&#8221;Succ\u00e8s, votre demande a \u00e9t\u00e9 envoy\u00e9e.&#8221; submit_button_text=&#8221;Soumettre&#8221; module_id=&#8221;et_pb_contact_form_0&#8243; _builder_version=&#8221;4.4.1&#8243; form_field_background_color=&#8221;rgba(0,0,0,0)&#8221; form_field_text_color=&#8221;#353740&#8243; form_field_focus_background_color=&#8221;#ffffff&#8221; title_level=&#8221;h2&#8243; title_font=&#8221;|800|||||||&#8221; title_text_align=&#8221;center&#8221; form_field_font=&#8221;||||||||&#8221; form_field_font_size=&#8221;16px&#8221; custom_button=&#8221;on&#8221; button_text_color=&#8221;#000000&#8243; button_border_width=&#8221;5px&#8221; button_border_radius=&#8221;100px&#8221; button_letter_spacing=&#8221;2px&#8221; button_font=&#8221;|700||on|||||&#8221; button_icon=&#8221;%%36%%&#8221; button_icon_color=&#8221;#353740&#8243; text_orientation=&#8221;left&#8221; max_width=&#8221;800px&#8221; module_alignment=&#8221;center&#8221; animation_style=&#8221;fade&#8221; box_shadow_style=&#8221;preset7&#8243; box_shadow_horizontal=&#8221;0px&#8221; box_shadow_vertical=&#8221;-1px&#8221; box_shadow_color=&#8221;rgba(0,0,0,0.18)&#8221; box_shadow_style_button=&#8221;preset3&#8243; form_background_color=&#8221;rgba(255,255,255,0)&#8221; button_bg_color_hover=&#8221;rgba(0,0,0,0)&#8221; button_letter_spacing_hover=&#8221;2px&#8221;][et_pb_contact_field field_id=&#8221;Name&#8221; field_title=&#8221;Nom&#8221; fullwidth_field=&#8221;on&#8221; _builder_version=&#8221;4.0.7&#8243; button_text_size__hover_enabled=&#8221;off&#8221; button_one_text_size__hover_enabled=&#8221;off&#8221; button_two_text_size__hover_enabled=&#8221;off&#8221; button_text_color__hover_enabled=&#8221;off&#8221; button_one_text_color__hover_enabled=&#8221;off&#8221; button_two_text_color__hover_enabled=&#8221;off&#8221; button_border_width__hover_enabled=&#8221;off&#8221; button_one_border_width__hover_enabled=&#8221;off&#8221; button_two_border_width__hover_enabled=&#8221;off&#8221; button_border_color__hover_enabled=&#8221;off&#8221; button_one_border_color__hover_enabled=&#8221;off&#8221; button_two_border_color__hover_enabled=&#8221;off&#8221; button_border_radius__hover_enabled=&#8221;off&#8221; button_one_border_radius__hover_enabled=&#8221;off&#8221; button_two_border_radius__hover_enabled=&#8221;off&#8221; button_letter_spacing__hover_enabled=&#8221;off&#8221; button_one_letter_spacing__hover_enabled=&#8221;off&#8221; button_two_letter_spacing__hover_enabled=&#8221;off&#8221; button_bg_color__hover_enabled=&#8221;off&#8221; button_one_bg_color__hover_enabled=&#8221;off&#8221; button_two_bg_color__hover_enabled=&#8221;off&#8221;][\/et_pb_contact_field][et_pb_contact_field field_id=&#8221;Email&#8221; field_title=&#8221;Adresse courriel&#8221; field_type=&#8221;email&#8221; fullwidth_field=&#8221;on&#8221; _builder_version=&#8221;4.0.7&#8243; button_text_size__hover_enabled=&#8221;off&#8221; button_one_text_size__hover_enabled=&#8221;off&#8221; button_two_text_size__hover_enabled=&#8221;off&#8221; button_text_color__hover_enabled=&#8221;off&#8221; button_one_text_color__hover_enabled=&#8221;off&#8221; button_two_text_color__hover_enabled=&#8221;off&#8221; button_border_width__hover_enabled=&#8221;off&#8221; button_one_border_width__hover_enabled=&#8221;off&#8221; button_two_border_width__hover_enabled=&#8221;off&#8221; button_border_color__hover_enabled=&#8221;off&#8221; button_one_border_color__hover_enabled=&#8221;off&#8221; button_two_border_color__hover_enabled=&#8221;off&#8221; button_border_radius__hover_enabled=&#8221;off&#8221; button_one_border_radius__hover_enabled=&#8221;off&#8221; button_two_border_radius__hover_enabled=&#8221;off&#8221; button_letter_spacing__hover_enabled=&#8221;off&#8221; button_one_letter_spacing__hover_enabled=&#8221;off&#8221; button_two_letter_spacing__hover_enabled=&#8221;off&#8221; button_bg_color__hover_enabled=&#8221;off&#8221; button_one_bg_color__hover_enabled=&#8221;off&#8221; button_two_bg_color__hover_enabled=&#8221;off&#8221;][\/et_pb_contact_field][et_pb_contact_field field_id=&#8221;phone&#8221; field_title=&#8221;T\u00e9l\u00e9phone&#8221; allowed_symbols=&#8221;numbers&#8221; fullwidth_field=&#8221;on&#8221; _builder_version=&#8221;4.0.7&#8243;][\/et_pb_contact_field][et_pb_contact_field field_id=&#8221;Company_name&#8221; field_title=&#8221;Nom de l&#8217;entreprise&#8221; allowed_symbols=&#8221;alphanumeric&#8221; fullwidth_field=&#8221;on&#8221; _builder_version=&#8221;4.0.7&#8243;][\/et_pb_contact_field][et_pb_contact_field field_id=&#8221;website&#8221; field_title=&#8221;Site Web&#8221; allowed_symbols=&#8221;alphanumeric&#8221; required_mark=&#8221;off&#8221; fullwidth_field=&#8221;on&#8221; _builder_version=&#8221;4.0.7&#8243;][\/et_pb_contact_field][et_pb_contact_field field_id=&#8221;address_1&#8243; field_title=&#8221;Adresse&#8221; allowed_symbols=&#8221;alphanumeric&#8221; fullwidth_field=&#8221;on&#8221; _builder_version=&#8221;4.0.7&#8243;][\/et_pb_contact_field][et_pb_contact_field field_id=&#8221;address_2&#8243; field_title=&#8221;Adresse 2&#8243; allowed_symbols=&#8221;alphanumeric&#8221; required_mark=&#8221;off&#8221; fullwidth_field=&#8221;on&#8221; _builder_version=&#8221;4.0.7&#8243;][\/et_pb_contact_field][et_pb_contact_field field_id=&#8221;city&#8221; field_title=&#8221;Ville&#8221; allowed_symbols=&#8221;alphanumeric&#8221; fullwidth_field=&#8221;on&#8221; _builder_version=&#8221;4.0.7&#8243;][\/et_pb_contact_field][et_pb_contact_field field_id=&#8221;postal_code&#8221; field_title=&#8221;Code postal&#8221; allowed_symbols=&#8221;alphanumeric&#8221; fullwidth_field=&#8221;on&#8221; _builder_version=&#8221;4.0.7&#8243;][\/et_pb_contact_field][et_pb_contact_field field_id=&#8221;province&#8221; field_title=&#8221;Province&#8221; allowed_symbols=&#8221;alphanumeric&#8221; required_mark=&#8221;off&#8221; fullwidth_field=&#8221;on&#8221; _builder_version=&#8221;4.0.7&#8243;][\/et_pb_contact_field][et_pb_contact_field field_id=&#8221;message&#8221; field_title=&#8221;Parlez-nous de votre marque&#8221; field_type=&#8221;text&#8221; required_mark=&#8221;off&#8221; fullwidth_field=&#8221;on&#8221; _builder_version=&#8221;4.0.7&#8243;][\/et_pb_contact_field][\/et_pb_contact_form][\/et_pb_column][\/et_pb_row][\/et_pb_section]<\/p>\n","protected":false},"excerpt":{"rendered":"<p>Opportunit\u00e9s de fabrication\u00cates-vous une entreprise de fabrication de chaussures \u00e0 la recherche d&#8217;un distributeur canadien\u00a0? Tin Shack repr\u00e9sente des marques de chaussures comme Blundstone\u00a0et\u00a0Glerups pour tout le march\u00e9 canadien. D\u00e9couvrez comment votre entreprise peut capitaliser sur nos racines profondes dans le march\u00e9, avec des repr\u00e9sentants des ventes Tin Shack pr\u00eats \u00e0 mousser votre image de [&hellip;]<\/p>\n","protected":false},"author":1,"featured_media":0,"parent":0,"menu_order":0,"comment_status":"closed","ping_status":"closed","template":"","meta":{"_et_pb_use_builder":"on","_et_pb_old_content":"","_et_gb_content_width":"","_monsterinsights_skip_tracking":false,"_monsterinsights_sitenote_active":false,"_monsterinsights_sitenote_note":"","_monsterinsights_sitenote_category":0,"powered_cache_disable_cache":false,"footnotes":""},"class_list":["post-885","page","type-page","status-publish","hentry"],"yoast_head":"<!-- This site is optimized with the Yoast SEO plugin v24.6 - https:\/\/yoast.com\/wordpress\/plugins\/seo\/ -->\n<title>Fabricants - Tin Shack Ltd<\/title>\n<meta name=\"robots\" content=\"noindex, follow, max-snippet:-1, max-image-preview:large, max-video-preview:-1\" \/>\n<meta property=\"og:locale\" content=\"en_US\" \/>\n<meta property=\"og:type\" content=\"article\" \/>\n<meta property=\"og:title\" content=\"Fabricants - Tin Shack Ltd\" \/>\n<meta property=\"og:description\" content=\"Opportunit\u00e9s de fabrication\u00cates-vous une entreprise de fabrication de chaussures \u00e0 la recherche d&#039;un distributeur canadien\u00a0? Tin Shack repr\u00e9sente des marques de chaussures comme Blundstone\u00a0et\u00a0Glerups pour tout le march\u00e9 canadien. D\u00e9couvrez comment votre entreprise peut capitaliser sur nos racines profondes dans le march\u00e9, avec des repr\u00e9sentants des ventes Tin Shack pr\u00eats \u00e0 mousser votre image de [&hellip;]\" \/>\n<meta property=\"og:url\" content=\"https:\/\/tinshack.ca\/mystaging03\/fr\/fabricants\/\" \/>\n<meta property=\"og:site_name\" content=\"Tin Shack Ltd\" \/>\n<meta property=\"article:modified_time\" content=\"2020-09-28T02:26:53+00:00\" \/>\n<meta name=\"twitter:card\" content=\"summary_large_image\" \/>\n<meta name=\"twitter:label1\" content=\"Est. reading time\" \/>\n\t<meta name=\"twitter:data1\" content=\"5 minutes\" \/>\n<script type=\"application\/ld+json\" class=\"yoast-schema-graph\">{\"@context\":\"https:\/\/schema.org\",\"@graph\":[{\"@type\":\"WebPage\",\"@id\":\"https:\/\/tinshack.ca\/mystaging03\/fr\/fabricants\/\",\"url\":\"https:\/\/tinshack.ca\/mystaging03\/fr\/fabricants\/\",\"name\":\"Fabricants - Tin Shack Ltd\",\"isPartOf\":{\"@id\":\"https:\/\/tinshack.ca\/mystaging03\/#website\"},\"datePublished\":\"2020-03-03T21:08:10+00:00\",\"dateModified\":\"2020-09-28T02:26:53+00:00\",\"breadcrumb\":{\"@id\":\"https:\/\/tinshack.ca\/mystaging03\/fr\/fabricants\/#breadcrumb\"},\"inLanguage\":\"en-US\",\"potentialAction\":[{\"@type\":\"ReadAction\",\"target\":[\"https:\/\/tinshack.ca\/mystaging03\/fr\/fabricants\/\"]}]},{\"@type\":\"BreadcrumbList\",\"@id\":\"https:\/\/tinshack.ca\/mystaging03\/fr\/fabricants\/#breadcrumb\",\"itemListElement\":[{\"@type\":\"ListItem\",\"position\":1,\"name\":\"Home\",\"item\":\"https:\/\/tinshack.ca\/mystaging03\/\"},{\"@type\":\"ListItem\",\"position\":2,\"name\":\"Fabricants\"}]},{\"@type\":\"WebSite\",\"@id\":\"https:\/\/tinshack.ca\/mystaging03\/#website\",\"url\":\"https:\/\/tinshack.ca\/mystaging03\/\",\"name\":\"Tin Shack Ltd\",\"description\":\"Comfort in all the right places.\",\"publisher\":{\"@id\":\"https:\/\/tinshack.ca\/mystaging03\/#organization\"},\"potentialAction\":[{\"@type\":\"SearchAction\",\"target\":{\"@type\":\"EntryPoint\",\"urlTemplate\":\"https:\/\/tinshack.ca\/mystaging03\/?s={search_term_string}\"},\"query-input\":{\"@type\":\"PropertyValueSpecification\",\"valueRequired\":true,\"valueName\":\"search_term_string\"}}],\"inLanguage\":\"en-US\"},{\"@type\":\"Organization\",\"@id\":\"https:\/\/tinshack.ca\/mystaging03\/#organization\",\"name\":\"Tin Shack Ltd\",\"url\":\"https:\/\/tinshack.ca\/mystaging03\/\",\"logo\":{\"@type\":\"ImageObject\",\"inLanguage\":\"en-US\",\"@id\":\"https:\/\/tinshack.ca\/mystaging03\/#\/schema\/logo\/image\/\",\"url\":\"https:\/\/staging.tinshack.ca\/wp-content\/uploads\/2020\/02\/TIN-SHACK-LOGO.svg\",\"contentUrl\":\"https:\/\/staging.tinshack.ca\/wp-content\/uploads\/2020\/02\/TIN-SHACK-LOGO.svg\",\"width\":482,\"height\":182,\"caption\":\"Tin Shack Ltd\"},\"image\":{\"@id\":\"https:\/\/tinshack.ca\/mystaging03\/#\/schema\/logo\/image\/\"}}]}<\/script>\n<!-- \/ Yoast SEO plugin. -->","yoast_head_json":{"title":"Fabricants - Tin Shack Ltd","robots":{"index":"noindex","follow":"follow","max-snippet":"max-snippet:-1","max-image-preview":"max-image-preview:large","max-video-preview":"max-video-preview:-1"},"og_locale":"en_US","og_type":"article","og_title":"Fabricants - Tin Shack Ltd","og_description":"Opportunit\u00e9s de fabrication\u00cates-vous une entreprise de fabrication de chaussures \u00e0 la recherche d'un distributeur canadien\u00a0? Tin Shack repr\u00e9sente des marques de chaussures comme Blundstone\u00a0et\u00a0Glerups pour tout le march\u00e9 canadien. D\u00e9couvrez comment votre entreprise peut capitaliser sur nos racines profondes dans le march\u00e9, avec des repr\u00e9sentants des ventes Tin Shack pr\u00eats \u00e0 mousser votre image de [&hellip;]","og_url":"https:\/\/tinshack.ca\/mystaging03\/fr\/fabricants\/","og_site_name":"Tin Shack Ltd","article_modified_time":"2020-09-28T02:26:53+00:00","twitter_card":"summary_large_image","twitter_misc":{"Est. reading time":"5 minutes"},"schema":{"@context":"https:\/\/schema.org","@graph":[{"@type":"WebPage","@id":"https:\/\/tinshack.ca\/mystaging03\/fr\/fabricants\/","url":"https:\/\/tinshack.ca\/mystaging03\/fr\/fabricants\/","name":"Fabricants - Tin Shack Ltd","isPartOf":{"@id":"https:\/\/tinshack.ca\/mystaging03\/#website"},"datePublished":"2020-03-03T21:08:10+00:00","dateModified":"2020-09-28T02:26:53+00:00","breadcrumb":{"@id":"https:\/\/tinshack.ca\/mystaging03\/fr\/fabricants\/#breadcrumb"},"inLanguage":"en-US","potentialAction":[{"@type":"ReadAction","target":["https:\/\/tinshack.ca\/mystaging03\/fr\/fabricants\/"]}]},{"@type":"BreadcrumbList","@id":"https:\/\/tinshack.ca\/mystaging03\/fr\/fabricants\/#breadcrumb","itemListElement":[{"@type":"ListItem","position":1,"name":"Home","item":"https:\/\/tinshack.ca\/mystaging03\/"},{"@type":"ListItem","position":2,"name":"Fabricants"}]},{"@type":"WebSite","@id":"https:\/\/tinshack.ca\/mystaging03\/#website","url":"https:\/\/tinshack.ca\/mystaging03\/","name":"Tin Shack Ltd","description":"Comfort in all the right places.","publisher":{"@id":"https:\/\/tinshack.ca\/mystaging03\/#organization"},"potentialAction":[{"@type":"SearchAction","target":{"@type":"EntryPoint","urlTemplate":"https:\/\/tinshack.ca\/mystaging03\/?s={search_term_string}"},"query-input":{"@type":"PropertyValueSpecification","valueRequired":true,"valueName":"search_term_string"}}],"inLanguage":"en-US"},{"@type":"Organization","@id":"https:\/\/tinshack.ca\/mystaging03\/#organization","name":"Tin Shack Ltd","url":"https:\/\/tinshack.ca\/mystaging03\/","logo":{"@type":"ImageObject","inLanguage":"en-US","@id":"https:\/\/tinshack.ca\/mystaging03\/#\/schema\/logo\/image\/","url":"https:\/\/staging.tinshack.ca\/wp-content\/uploads\/2020\/02\/TIN-SHACK-LOGO.svg","contentUrl":"https:\/\/staging.tinshack.ca\/wp-content\/uploads\/2020\/02\/TIN-SHACK-LOGO.svg","width":482,"height":182,"caption":"Tin Shack Ltd"},"image":{"@id":"https:\/\/tinshack.ca\/mystaging03\/#\/schema\/logo\/image\/"}}]}},"jetpack_sharing_enabled":true,"_links":{"self":[{"href":"https:\/\/tinshack.ca\/mystaging03\/wp-json\/wp\/v2\/pages\/885","targetHints":{"allow":["GET"]}}],"collection":[{"href":"https:\/\/tinshack.ca\/mystaging03\/wp-json\/wp\/v2\/pages"}],"about":[{"href":"https:\/\/tinshack.ca\/mystaging03\/wp-json\/wp\/v2\/types\/page"}],"author":[{"embeddable":true,"href":"https:\/\/tinshack.ca\/mystaging03\/wp-json\/wp\/v2\/users\/1"}],"replies":[{"embeddable":true,"href":"https:\/\/tinshack.ca\/mystaging03\/wp-json\/wp\/v2\/comments?post=885"}],"version-history":[{"count":6,"href":"https:\/\/tinshack.ca\/mystaging03\/wp-json\/wp\/v2\/pages\/885\/revisions"}],"predecessor-version":[{"id":1256,"href":"https:\/\/tinshack.ca\/mystaging03\/wp-json\/wp\/v2\/pages\/885\/revisions\/1256"}],"wp:attachment":[{"href":"https:\/\/tinshack.ca\/mystaging03\/wp-json\/wp\/v2\/media?parent=885"}],"curies":[{"name":"wp","href":"https:\/\/api.w.org\/{rel}","templated":true}]}}