{"id":870,"date":"2020-03-03T20:39:07","date_gmt":"2020-03-03T20:39:07","guid":{"rendered":"https:\/\/tinshack.ca\/?page_id=870"},"modified":"2024-08-07T13:20:31","modified_gmt":"2024-08-07T13:20:31","slug":"blundstone-fr","status":"publish","type":"page","link":"https:\/\/tinshack.ca\/mystaging03\/fr\/blundstone-fr\/","title":{"rendered":"Blundstone"},"content":{"rendered":"<p>[et_pb_section fb_built=&#8221;1&#8243; admin_label=&#8221;Hero&#8221; module_id=&#8221;leadImage&#8221; _builder_version=&#8221;4.0.7&#8243; background_color=&#8221;#fcfcfc&#8221; background_image=&#8221;https:\/\/tinshack.ca\/mystaging03\/wp-content\/uploads\/2019\/10\/tasmania.jpg&#8221; background_position=&#8221;top_left&#8221; width_tablet=&#8221;100%&#8221; width_phone=&#8221;auto&#8221; width_last_edited=&#8221;on|tablet&#8221; min_height_tablet=&#8221;577px&#8221; min_height_phone=&#8221;452px&#8221; min_height_last_edited=&#8221;off|tablet&#8221; height=&#8221;713px&#8221; height_tablet=&#8221;416px&#8221; height_phone=&#8221;577px&#8221; height_last_edited=&#8221;on|phone&#8221; max_height_tablet=&#8221;564px&#8221; max_height_last_edited=&#8221;off|tablet&#8221; custom_padding=&#8221;223px||322px|||&#8221; animation_style=&#8221;zoom&#8221; animation_intensity_zoom=&#8221;4%&#8221; box_shadow_style=&#8221;preset6&#8243; box_shadow_color=&#8221;#000000&#8243; saved_tabs=&#8221;all&#8221;][\/et_pb_section][et_pb_section fb_built=&#8221;1&#8243; _builder_version=&#8221;3.26.6&#8243; custom_padding=&#8221;7px||0px|||&#8221;][et_pb_row _builder_version=&#8221;3.26.6&#8243;][et_pb_column type=&#8221;4_4&#8243; _builder_version=&#8221;3.26.6&#8243;][et_pb_gallery gallery_ids=&#8221;1271&#8243; fullwidth=&#8221;on&#8221; _builder_version=&#8221;4.4.2&#8243;][\/et_pb_gallery][\/et_pb_column][\/et_pb_row][et_pb_row _builder_version=&#8221;3.25&#8243; background_size=&#8221;initial&#8221; background_position=&#8221;top_left&#8221; background_repeat=&#8221;repeat&#8221; custom_padding=&#8221;||19px|||&#8221; animation_style=&#8221;fade&#8221;][et_pb_column type=&#8221;4_4&#8243; _builder_version=&#8221;3.25&#8243; custom_padding=&#8221;|||&#8221; custom_padding__hover=&#8221;|||&#8221;][et_pb_text _builder_version=&#8221;4.0.7&#8243; text_text_color=&#8221;#002D72&#8243;]<\/p>\n<h1><span style=\"color: #002d72;\">Confort sans lacets depuis 1870.<\/h1>\n<p>[\/et_pb_text][et_pb_text _builder_version=&#8221;4.0.7&#8243; background_size=&#8221;initial&#8221; background_position=&#8221;top_left&#8221; background_repeat=&#8221;repeat&#8221; animation_style=&#8221;flip&#8221; animation_intensity_flip=&#8221;20%&#8221;]<\/p>\n<p style=\"text-align: left;\">Les origines de l&#8217;entreprise Blundstone d&#8217;Australie remontent au milieu des ann\u00e9es 1880. Malgr\u00e9 le fait qu&#8217;elle soit devenue l&#8217;une des marques de bottes les plus reconnaissables du monde entier, Blundstone demeure une entreprise familiale dont le si\u00e8ge social est en Tasmanie, et elle continue d&#8217;op\u00e9rer selon les m\u00eames valeurs et principes \u00e9tablis d\u00e8s le d\u00e9part \u2014 entre autres, son engagement envers le confort, la facilit\u00e9 d&#8217;utilisation, la simplicit\u00e9 du design et le meilleur rapport qualit\u00e9-prix. L\u00e0-bas, Blundstone est une l\u00e9gende. Et, comme les bonnes nouvelles voyagent rapidement, les bottes Blundstone ont vite connu du succ\u00e8s au Canada. <\/p>\n<p>[\/et_pb_text][\/et_pb_column][\/et_pb_row][\/et_pb_section][et_pb_section fb_built=&#8221;1&#8243; make_equal=&#8221;on&#8221; use_custom_gutter=&#8221;on&#8221; gutter_width=&#8221;1&#8243; specialty=&#8221;on&#8221; padding_top_1=&#8221;0px&#8221; admin_label=&#8221;brandGallery&#8221; module_class=&#8221; et_pb_specialty_fullwidth brandGallery&#8221; _builder_version=&#8221;4.0.7&#8243; width=&#8221;1312px&#8221; width_tablet=&#8221;94%&#8221; width_phone=&#8221;&#8221; width_last_edited=&#8221;on|phone&#8221; module_alignment=&#8221;center&#8221; inner_width=&#8221;100%&#8221; inner_width_tablet=&#8221;100%&#8221; inner_width_phone=&#8221;&#8221; inner_width_last_edited=&#8221;on|desktop&#8221; inner_max_width=&#8221;100%&#8221; inner_max_width_tablet=&#8221;100%&#8221; inner_max_width_phone=&#8221;&#8221; inner_max_width_last_edited=&#8221;on|desktop&#8221; custom_padding=&#8221;13px|5%|0px|5%||&#8221; make_fullwidth=&#8221;on&#8221; locked=&#8221;off&#8221;][et_pb_column type=&#8221;1_2&#8243; _builder_version=&#8221;3.25&#8243; custom_padding=&#8221;|||&#8221; padding_top__hover=&#8221;0px&#8221; parallax__hover=&#8221;off&#8221; parallax_method__hover=&#8221;on&#8221; custom_padding__hover=&#8221;|||&#8221;][et_pb_image src=&#8221;https:\/\/tinshack.ca\/mystaging03\/wp-content\/uploads\/2019\/12\/587-Leather-lined-1440-women-series.jpg&#8221; force_fullwidth=&#8221;on&#8221; align_tablet=&#8221;center&#8221; align_phone=&#8221;&#8221; align_last_edited=&#8221;on|desktop&#8221; _builder_version=&#8221;4.0.7&#8243; background_color=&#8221;#ffffff&#8221; min_height=&#8221;562px&#8221; animation_style=&#8221;flip&#8221; animation_direction=&#8221;right&#8221; animation_intensity_flip=&#8221;30%&#8221; animation_starting_opacity=&#8221;100%&#8221; box_shadow_style=&#8221;preset7&#8243; box_shadow_horizontal=&#8221;0px&#8221; box_shadow_vertical=&#8221;0px&#8221; box_shadow_spread=&#8221;10px&#8221; box_shadow_color=&#8221;#ffffff&#8221;][\/et_pb_image][\/et_pb_column][et_pb_column type=&#8221;1_2&#8243; specialty_columns=&#8221;2&#8243; _builder_version=&#8221;3.25&#8243; custom_padding=&#8221;|||&#8221; parallax__hover=&#8221;off&#8221; parallax_method__hover=&#8221;on&#8221; custom_padding__hover=&#8221;|||&#8221;][et_pb_row_inner _builder_version=&#8221;4.0.7&#8243; background_color=&#8221;#ffffff&#8221; custom_padding=&#8221;0px||0px|&#8221;][et_pb_column_inner saved_specialty_column_type=&#8221;1_2&#8243; _builder_version=&#8221;4.0.7&#8243; background_color=&#8221;#ffffff&#8221; custom_padding=&#8221;|||&#8221; parallax__hover=&#8221;off&#8221; parallax_method__hover=&#8221;on&#8221; custom_padding__hover=&#8221;|||&#8221;][et_pb_image src=&#8221;https:\/\/tinshack.ca\/mystaging03\/wp-content\/uploads\/2019\/10\/Blundstone-Boots.jpg&#8221; force_fullwidth=&#8221;on&#8221; align_tablet=&#8221;center&#8221; align_phone=&#8221;&#8221; align_last_edited=&#8221;on|desktop&#8221; _builder_version=&#8221;4.0.7&#8243; animation_style=&#8221;flip&#8221; animation_direction=&#8221;bottom&#8221; animation_intensity_flip=&#8221;30%&#8221; animation_starting_opacity=&#8221;100%&#8221; box_shadow_style=&#8221;preset7&#8243; box_shadow_horizontal=&#8221;0px&#8221; box_shadow_vertical=&#8221;0px&#8221; box_shadow_spread=&#8221;10px&#8221; box_shadow_color=&#8221;#ffffff&#8221;][\/et_pb_image][\/et_pb_column_inner][\/et_pb_row_inner][et_pb_row_inner column_structure=&#8221;1_2,1_2&#8243; _builder_version=&#8221;4.0.7&#8243; background_color=&#8221;#ffffff&#8221; custom_padding=&#8221;0px||0px|||&#8221;][et_pb_column_inner type=&#8221;1_2&#8243; saved_specialty_column_type=&#8221;1_2&#8243; _builder_version=&#8221;4.0.7&#8243; background_color=&#8221;#ffffff&#8221; custom_padding=&#8221;|||&#8221; parallax__hover=&#8221;off&#8221; parallax_method__hover=&#8221;on&#8221; custom_padding__hover=&#8221;|||&#8221;][et_pb_image src=&#8221;https:\/\/tinshack.ca\/mystaging03\/wp-content\/uploads\/2020\/02\/Blundstone-Canada-Women-Series.jpg&#8221; align_tablet=&#8221;center&#8221; align_phone=&#8221;&#8221; align_last_edited=&#8221;on|desktop&#8221; _builder_version=&#8221;4.0.7&#8243; width=&#8221;100%&#8221; min_height=&#8221;282px&#8221; animation_style=&#8221;flip&#8221; animation_intensity_flip=&#8221;30%&#8221; animation_starting_opacity=&#8221;100%&#8221; box_shadow_style=&#8221;preset7&#8243; box_shadow_horizontal=&#8221;0px&#8221; box_shadow_vertical=&#8221;0px&#8221; box_shadow_spread=&#8221;10px&#8221; box_shadow_color=&#8221;#ffffff&#8221;][\/et_pb_image][\/et_pb_column_inner][et_pb_column_inner type=&#8221;1_2&#8243; saved_specialty_column_type=&#8221;1_2&#8243; _builder_version=&#8221;4.0.7&#8243; background_color=&#8221;#ffffff&#8221; custom_padding=&#8221;|||&#8221; parallax__hover=&#8221;off&#8221; parallax_method__hover=&#8221;on&#8221; custom_padding__hover=&#8221;|||&#8221;][et_pb_image src=&#8221;https:\/\/tinshack.ca\/mystaging03\/wp-content\/uploads\/2020\/02\/Blundstone-Canada-Safety-Work-Boots.jpg&#8221; align_tablet=&#8221;center&#8221; align_phone=&#8221;&#8221; align_last_edited=&#8221;on|desktop&#8221; _builder_version=&#8221;4.0.7&#8243; min_height=&#8221;282px&#8221; animation_style=&#8221;flip&#8221; animation_direction=&#8221;top&#8221; animation_intensity_flip=&#8221;30%&#8221; animation_starting_opacity=&#8221;100%&#8221; box_shadow_style=&#8221;preset7&#8243; box_shadow_horizontal=&#8221;0px&#8221; box_shadow_vertical=&#8221;0px&#8221; box_shadow_spread=&#8221;10px&#8221; box_shadow_color=&#8221;#ffffff&#8221;][\/et_pb_image][\/et_pb_column_inner][\/et_pb_row_inner][\/et_pb_column][\/et_pb_section][et_pb_section fb_built=&#8221;1&#8243; _builder_version=&#8221;4.0.7&#8243; custom_padding=&#8221;13px||8px|||&#8221;][et_pb_row _builder_version=&#8221;4.0.7&#8243; custom_margin=&#8221;|auto|0px|auto||&#8221; custom_padding=&#8221;12px||12px|||&#8221;][et_pb_column type=&#8221;4_4&#8243; _builder_version=&#8221;4.0.7&#8243;][et_pb_text _builder_version=&#8221;4.0.7&#8243; custom_padding=&#8221;|25px||||&#8221;]<\/p>\n<p style=\"text-align: left;\">Blundstone Canada s&#8217;est impos\u00e9e en r\u00e9volutionnant le march\u00e9 il y a 25 ans, lib\u00e9rant les Canadiens des lacets, des contraintes de la mode et des autres bottes offrant plus de clinquant que de confort.<\/p>\n<p style=\"text-align: left;\">Les bottes Blundstone sont une tradition, pas une mode, et, comme vous le constaterez \u00e0 travers son histoire, c&#8217;est une tradition&#8230; qui a du mordant.<\/p>\n<p>[\/et_pb_text][et_pb_button button_url=&#8221;https:\/\/www.blundstone.ca\/pages\/our-heritage&#8221; url_new_window=&#8221;on&#8221; button_text=&#8221;En apprendre davantage sur l&#8217;h\u00e9ritage de Blundstone &#8221; button_alignment=&#8221;center&#8221; _builder_version=&#8221;4.3.4&#8243; custom_button=&#8221;on&#8221; button_text_color=&#8221;#002D72&#8243; button_border_radius=&#8221;37px&#8221; button_font=&#8221;|600|||||||&#8221; button_icon=&#8221;%%24%%&#8221; button_rel=&#8221;off|on|off|off|off&#8221; z_index=&#8221;283&#8243; custom_padding=&#8221;10px||10px||false|false&#8221; box_shadow_style=&#8221;preset3&#8243;][\/et_pb_button][et_pb_divider color=&#8221;#474747&#8243; divider_weight=&#8221;2px&#8221; _builder_version=&#8221;4.0.7&#8243; custom_padding=&#8221;10px||0px||false|false&#8221;][\/et_pb_divider][\/et_pb_column][\/et_pb_row][\/et_pb_section][et_pb_section fb_built=&#8221;1&#8243; inner_shadow=&#8221;on&#8221; module_id=&#8221;brandVideoSection&#8221; _builder_version=&#8221;4.0.7&#8243; background_color=&#8221;#fcd21d&#8221; background_image=&#8221;https:\/\/tinshack.ca\/mystaging03\/wp-content\/uploads\/2019\/11\/Blundstone-timeline.jpg&#8221; min_height_phone=&#8221;auto&#8221; min_height_last_edited=&#8221;off|desktop&#8221; height_tablet=&#8221;auto&#8221; height_phone=&#8221;auto&#8221; height_last_edited=&#8221;off|desktop&#8221; custom_padding=&#8221;63px|0px|70px|0px||&#8221;][et_pb_row _builder_version=&#8221;4.0.7&#8243;][et_pb_column type=&#8221;4_4&#8243; _builder_version=&#8221;4.0.7&#8243;][et_pb_code _builder_version=&#8221;4.0.7&#8243;]<script src=\"https:\/\/tinshack.cdn.vooplayer.com\/assets\/vooplayer.js\"><\/script><!-- [et_pb_line_break_holder] --><iframe allow=\"autoplay\" class=\"video-player-container vooplayer\" data-playerid=\"MjQ1NTU1\" allowtransparency=\"true\" style=\"max-width: 100%;\" name=\"vooplayerframe\" allowfullscreen=\"true\" watch-type=\"\" url-params=\"\" scrolling=\"no\" frameborder=\"0\"> <\/iframe>[\/et_pb_code][\/et_pb_column][\/et_pb_row][\/et_pb_section][et_pb_section fb_built=&#8221;1&#8243; _builder_version=&#8221;3.22&#8243; custom_padding=&#8221;20px|0px|110px|0px||&#8221;][et_pb_row column_structure=&#8221;1_2,1_2&#8243; _builder_version=&#8221;3.26.6&#8243;][et_pb_column type=&#8221;1_2&#8243; _builder_version=&#8221;3.26.6&#8243;][et_pb_image src=&#8221;https:\/\/www.tinshack.ca\/wp-content\/uploads\/2024\/08\/BL_LS_ENG_2023_500x500-1.png&#8221; url=&#8221;\/wp-content\/uploads\/2019\/10\/GlerupsCatalogue_2017_WEB_ENG.pdf&#8221; url_new_window=&#8221;on&#8221; _builder_version=&#8221;4.4.2&#8243;][\/et_pb_image][\/et_pb_column][et_pb_column type=&#8221;1_2&#8243; _builder_version=&#8221;3.26.6&#8243;][et_pb_text _builder_version=&#8221;4.0.7&#8243; text_font=&#8221;||||||||&#8221; text_font_size=&#8221;24px&#8221; link_font=&#8221;||||||||&#8221; link_text_color=&#8221;#474747&#8243; custom_padding=&#8221;||1px|||&#8221;]<\/p>\n<h2><span style=\"color: #002d72;\">Catalogue Blundstone en ligne<\/span><\/h2>\n<p>D\u00e9couvrez notre gamme compl\u00e8te de bottes Blundstone offertes cette saison.<\/p>\n<p>[\/et_pb_text][et_pb_button button_url=&#8221;https:\/\/cdn.shopify.com\/s\/files\/1\/0841\/6785\/files\/FRN_Blundstone_2023_Catalogue_WEB_Low_Res_5.pdf?v=1723036593&#8243; url_new_window=&#8221;on&#8221; button_text=&#8221;Consulter le catalogue Blundstone&#8221; button_alignment=&#8221;center&#8221; button_alignment_tablet=&#8221;center&#8221; button_alignment_phone=&#8221;&#8221; button_alignment_last_edited=&#8221;on|phone&#8221; _builder_version=&#8221;4.4.2&#8243; custom_button=&#8221;on&#8221; button_text_color=&#8221;#002D72&#8243; button_border_radius=&#8221;37px&#8221; button_font=&#8221;|600|||||||&#8221; custom_padding=&#8221;10px||10px||false|false&#8221; hover_enabled=&#8221;0&#8243; box_shadow_style=&#8221;preset3&#8243;][\/et_pb_button][\/et_pb_column][\/et_pb_row][et_pb_row column_structure=&#8221;1_2,1_2&#8243; _builder_version=&#8221;3.26.6&#8243;][et_pb_column type=&#8221;1_2&#8243; _builder_version=&#8221;3.26.6&#8243;][et_pb_image src=&#8221;https:\/\/www.tinshack.ca\/wp-content\/uploads\/2024\/08\/BL_WS_FR_2024_500x500.png&#8221; url=&#8221;https:\/\/cdn.shopify.com\/s\/files\/1\/0841\/6785\/files\/CSA_Catalogue_2019_2020_Web_Res.pdf&#8221; url_new_window=&#8221;on&#8221; _builder_version=&#8221;4.4.2&#8243;][\/et_pb_image][\/et_pb_column][et_pb_column type=&#8221;1_2&#8243; _builder_version=&#8221;3.26.6&#8243;][et_pb_text _builder_version=&#8221;4.0.7&#8243; text_font=&#8221;||||||||&#8221; text_font_size=&#8221;24px&#8221; link_font=&#8221;||||||||&#8221; link_text_color=&#8221;#474747&#8243; custom_padding=&#8221;||1px|||&#8221;]<\/p>\n<h2><span style=\"color: #002d72;\">Catalogue de bottes de s\u00e9curit\u00e9 Blundstone<\/span><\/h2>\n<p>D\u00e9couvrez notre gamme compl\u00e8te de bottes de s\u00e9curit\u00e9 Blundstone offertes cette saison.<\/p>\n<p>[\/et_pb_text][et_pb_button button_url=&#8221;https:\/\/cdn.shopify.com\/s\/files\/1\/0841\/6785\/files\/FRN_CSA_Catalogue_2024_Spreads_LOW_Res_1.pdf?v=1714142673&#8243; url_new_window=&#8221;on&#8221; button_text=&#8221;Consulter le catalogue de bottes de s\u00e9curit\u00e9 Blundstone &#8221; button_alignment=&#8221;center&#8221; button_alignment_tablet=&#8221;center&#8221; button_alignment_phone=&#8221;&#8221; button_alignment_last_edited=&#8221;on|phone&#8221; _builder_version=&#8221;4.4.2&#8243; custom_button=&#8221;on&#8221; button_text_color=&#8221;#002D72&#8243; button_border_radius=&#8221;37px&#8221; button_font=&#8221;|600|||||||&#8221; custom_padding=&#8221;10px||10px||false|false&#8221; box_shadow_style=&#8221;preset3&#8243;][\/et_pb_button][\/et_pb_column][\/et_pb_row][et_pb_row _builder_version=&#8221;4.0.7&#8243;][et_pb_column type=&#8221;4_4&#8243; _builder_version=&#8221;4.0.7&#8243;][et_pb_button button_url=&#8221;https:\/\/www.blundstone.ca&#8221; url_new_window=&#8221;on&#8221; button_text=&#8221;Visiter le magasin en ligne officiel de Blundstone Canada&#8221; button_alignment=&#8221;center&#8221; _builder_version=&#8221;4.4.1&#8243; custom_button=&#8221;on&#8221; button_text_color=&#8221;#002d72&#8243; button_border_width=&#8221;2px&#8221; button_border_radius=&#8221;37px&#8221; button_font=&#8221;|600|||||||&#8221; button_icon=&#8221;%%24%%&#8221; custom_margin=&#8221;50px||||false|false&#8221; custom_padding=&#8221;10px||10px||false|false&#8221; box_shadow_style=&#8221;preset3&#8243;][\/et_pb_button][\/et_pb_column][\/et_pb_row][\/et_pb_section]<\/p>\n","protected":false},"excerpt":{"rendered":"<p>Confort sans lacets depuis 1870.Les origines de l&#8217;entreprise Blundstone d&#8217;Australie remontent au milieu des ann\u00e9es 1880. Malgr\u00e9 le fait qu&#8217;elle soit devenue l&#8217;une des marques de bottes les plus reconnaissables du monde entier, Blundstone demeure une entreprise familiale dont le si\u00e8ge social est en Tasmanie, et elle continue d&#8217;op\u00e9rer selon les m\u00eames valeurs et principes [&hellip;]<\/p>\n","protected":false},"author":1,"featured_media":0,"parent":0,"menu_order":0,"comment_status":"closed","ping_status":"closed","template":"","meta":{"_et_pb_use_builder":"on","_et_pb_old_content":"","_et_gb_content_width":"","_monsterinsights_skip_tracking":false,"_monsterinsights_sitenote_active":false,"_monsterinsights_sitenote_note":"","_monsterinsights_sitenote_category":0,"powered_cache_disable_cache":false,"footnotes":""},"class_list":["post-870","page","type-page","status-publish","hentry"],"yoast_head":"<!-- This site is optimized with the Yoast SEO plugin v24.6 - https:\/\/yoast.com\/wordpress\/plugins\/seo\/ -->\n<title>Blundstone - Tin Shack Ltd<\/title>\n<meta name=\"robots\" content=\"noindex, follow, max-snippet:-1, max-image-preview:large, max-video-preview:-1\" \/>\n<meta property=\"og:locale\" content=\"en_US\" \/>\n<meta property=\"og:type\" content=\"article\" \/>\n<meta property=\"og:title\" content=\"Blundstone - Tin Shack Ltd\" \/>\n<meta property=\"og:description\" content=\"Confort sans lacets depuis 1870.Les origines de l&#039;entreprise Blundstone d&#039;Australie remontent au milieu des ann\u00e9es 1880. Malgr\u00e9 le fait qu&#039;elle soit devenue l&#039;une des marques de bottes les plus reconnaissables du monde entier, Blundstone demeure une entreprise familiale dont le si\u00e8ge social est en Tasmanie, et elle continue d&#039;op\u00e9rer selon les m\u00eames valeurs et principes [&hellip;]\" \/>\n<meta property=\"og:url\" content=\"https:\/\/tinshack.ca\/mystaging03\/fr\/blundstone-fr\/\" \/>\n<meta property=\"og:site_name\" content=\"Tin Shack Ltd\" \/>\n<meta property=\"article:modified_time\" content=\"2024-08-07T13:20:31+00:00\" \/>\n<meta name=\"twitter:card\" content=\"summary_large_image\" \/>\n<meta name=\"twitter:label1\" content=\"Est. reading time\" \/>\n\t<meta name=\"twitter:data1\" content=\"8 minutes\" \/>\n<script type=\"application\/ld+json\" class=\"yoast-schema-graph\">{\"@context\":\"https:\/\/schema.org\",\"@graph\":[{\"@type\":\"WebPage\",\"@id\":\"https:\/\/tinshack.ca\/mystaging03\/fr\/blundstone-fr\/\",\"url\":\"https:\/\/tinshack.ca\/mystaging03\/fr\/blundstone-fr\/\",\"name\":\"Blundstone - Tin Shack Ltd\",\"isPartOf\":{\"@id\":\"https:\/\/tinshack.ca\/mystaging03\/#website\"},\"datePublished\":\"2020-03-03T20:39:07+00:00\",\"dateModified\":\"2024-08-07T13:20:31+00:00\",\"breadcrumb\":{\"@id\":\"https:\/\/tinshack.ca\/mystaging03\/fr\/blundstone-fr\/#breadcrumb\"},\"inLanguage\":\"en-US\",\"potentialAction\":[{\"@type\":\"ReadAction\",\"target\":[\"https:\/\/tinshack.ca\/mystaging03\/fr\/blundstone-fr\/\"]}]},{\"@type\":\"BreadcrumbList\",\"@id\":\"https:\/\/tinshack.ca\/mystaging03\/fr\/blundstone-fr\/#breadcrumb\",\"itemListElement\":[{\"@type\":\"ListItem\",\"position\":1,\"name\":\"Home\",\"item\":\"https:\/\/tinshack.ca\/mystaging03\/\"},{\"@type\":\"ListItem\",\"position\":2,\"name\":\"Blundstone\"}]},{\"@type\":\"WebSite\",\"@id\":\"https:\/\/tinshack.ca\/mystaging03\/#website\",\"url\":\"https:\/\/tinshack.ca\/mystaging03\/\",\"name\":\"Tin Shack Ltd\",\"description\":\"Comfort in all the right places.\",\"publisher\":{\"@id\":\"https:\/\/tinshack.ca\/mystaging03\/#organization\"},\"potentialAction\":[{\"@type\":\"SearchAction\",\"target\":{\"@type\":\"EntryPoint\",\"urlTemplate\":\"https:\/\/tinshack.ca\/mystaging03\/?s={search_term_string}\"},\"query-input\":{\"@type\":\"PropertyValueSpecification\",\"valueRequired\":true,\"valueName\":\"search_term_string\"}}],\"inLanguage\":\"en-US\"},{\"@type\":\"Organization\",\"@id\":\"https:\/\/tinshack.ca\/mystaging03\/#organization\",\"name\":\"Tin Shack Ltd\",\"url\":\"https:\/\/tinshack.ca\/mystaging03\/\",\"logo\":{\"@type\":\"ImageObject\",\"inLanguage\":\"en-US\",\"@id\":\"https:\/\/tinshack.ca\/mystaging03\/#\/schema\/logo\/image\/\",\"url\":\"https:\/\/staging.tinshack.ca\/wp-content\/uploads\/2020\/02\/TIN-SHACK-LOGO.svg\",\"contentUrl\":\"https:\/\/staging.tinshack.ca\/wp-content\/uploads\/2020\/02\/TIN-SHACK-LOGO.svg\",\"width\":482,\"height\":182,\"caption\":\"Tin Shack Ltd\"},\"image\":{\"@id\":\"https:\/\/tinshack.ca\/mystaging03\/#\/schema\/logo\/image\/\"}}]}<\/script>\n<!-- \/ Yoast SEO plugin. -->","yoast_head_json":{"title":"Blundstone - Tin Shack Ltd","robots":{"index":"noindex","follow":"follow","max-snippet":"max-snippet:-1","max-image-preview":"max-image-preview:large","max-video-preview":"max-video-preview:-1"},"og_locale":"en_US","og_type":"article","og_title":"Blundstone - Tin Shack Ltd","og_description":"Confort sans lacets depuis 1870.Les origines de l'entreprise Blundstone d'Australie remontent au milieu des ann\u00e9es 1880. Malgr\u00e9 le fait qu'elle soit devenue l'une des marques de bottes les plus reconnaissables du monde entier, Blundstone demeure une entreprise familiale dont le si\u00e8ge social est en Tasmanie, et elle continue d'op\u00e9rer selon les m\u00eames valeurs et principes [&hellip;]","og_url":"https:\/\/tinshack.ca\/mystaging03\/fr\/blundstone-fr\/","og_site_name":"Tin Shack Ltd","article_modified_time":"2024-08-07T13:20:31+00:00","twitter_card":"summary_large_image","twitter_misc":{"Est. reading time":"8 minutes"},"schema":{"@context":"https:\/\/schema.org","@graph":[{"@type":"WebPage","@id":"https:\/\/tinshack.ca\/mystaging03\/fr\/blundstone-fr\/","url":"https:\/\/tinshack.ca\/mystaging03\/fr\/blundstone-fr\/","name":"Blundstone - Tin Shack Ltd","isPartOf":{"@id":"https:\/\/tinshack.ca\/mystaging03\/#website"},"datePublished":"2020-03-03T20:39:07+00:00","dateModified":"2024-08-07T13:20:31+00:00","breadcrumb":{"@id":"https:\/\/tinshack.ca\/mystaging03\/fr\/blundstone-fr\/#breadcrumb"},"inLanguage":"en-US","potentialAction":[{"@type":"ReadAction","target":["https:\/\/tinshack.ca\/mystaging03\/fr\/blundstone-fr\/"]}]},{"@type":"BreadcrumbList","@id":"https:\/\/tinshack.ca\/mystaging03\/fr\/blundstone-fr\/#breadcrumb","itemListElement":[{"@type":"ListItem","position":1,"name":"Home","item":"https:\/\/tinshack.ca\/mystaging03\/"},{"@type":"ListItem","position":2,"name":"Blundstone"}]},{"@type":"WebSite","@id":"https:\/\/tinshack.ca\/mystaging03\/#website","url":"https:\/\/tinshack.ca\/mystaging03\/","name":"Tin Shack Ltd","description":"Comfort in all the right places.","publisher":{"@id":"https:\/\/tinshack.ca\/mystaging03\/#organization"},"potentialAction":[{"@type":"SearchAction","target":{"@type":"EntryPoint","urlTemplate":"https:\/\/tinshack.ca\/mystaging03\/?s={search_term_string}"},"query-input":{"@type":"PropertyValueSpecification","valueRequired":true,"valueName":"search_term_string"}}],"inLanguage":"en-US"},{"@type":"Organization","@id":"https:\/\/tinshack.ca\/mystaging03\/#organization","name":"Tin Shack Ltd","url":"https:\/\/tinshack.ca\/mystaging03\/","logo":{"@type":"ImageObject","inLanguage":"en-US","@id":"https:\/\/tinshack.ca\/mystaging03\/#\/schema\/logo\/image\/","url":"https:\/\/staging.tinshack.ca\/wp-content\/uploads\/2020\/02\/TIN-SHACK-LOGO.svg","contentUrl":"https:\/\/staging.tinshack.ca\/wp-content\/uploads\/2020\/02\/TIN-SHACK-LOGO.svg","width":482,"height":182,"caption":"Tin Shack Ltd"},"image":{"@id":"https:\/\/tinshack.ca\/mystaging03\/#\/schema\/logo\/image\/"}}]}},"jetpack_sharing_enabled":true,"_links":{"self":[{"href":"https:\/\/tinshack.ca\/mystaging03\/wp-json\/wp\/v2\/pages\/870","targetHints":{"allow":["GET"]}}],"collection":[{"href":"https:\/\/tinshack.ca\/mystaging03\/wp-json\/wp\/v2\/pages"}],"about":[{"href":"https:\/\/tinshack.ca\/mystaging03\/wp-json\/wp\/v2\/types\/page"}],"author":[{"embeddable":true,"href":"https:\/\/tinshack.ca\/mystaging03\/wp-json\/wp\/v2\/users\/1"}],"replies":[{"embeddable":true,"href":"https:\/\/tinshack.ca\/mystaging03\/wp-json\/wp\/v2\/comments?post=870"}],"version-history":[{"count":9,"href":"https:\/\/tinshack.ca\/mystaging03\/wp-json\/wp\/v2\/pages\/870\/revisions"}],"predecessor-version":[{"id":1359,"href":"https:\/\/tinshack.ca\/mystaging03\/wp-json\/wp\/v2\/pages\/870\/revisions\/1359"}],"wp:attachment":[{"href":"https:\/\/tinshack.ca\/mystaging03\/wp-json\/wp\/v2\/media?parent=870"}],"curies":[{"name":"wp","href":"https:\/\/api.w.org\/{rel}","templated":true}]}}