{"id":845,"date":"2020-03-03T19:26:52","date_gmt":"2020-03-03T19:26:52","guid":{"rendered":"https:\/\/tinshack.ca\/?page_id=845"},"modified":"2023-05-02T18:11:11","modified_gmt":"2023-05-02T18:11:11","slug":"accueil","status":"publish","type":"page","link":"https:\/\/tinshack.ca\/mystaging03\/fr\/accueil\/","title":{"rendered":"Accueil"},"content":{"rendered":"<p>[et_pb_section fb_built=&#8221;1&#8243; _builder_version=&#8221;4.4.1&#8243;][et_pb_row column_structure=&#8221;1_3,1_3,1_3&#8243; _builder_version=&#8221;4.0.7&#8243; custom_css_main_element=&#8221;    display: flex;||width: 90%;&#8221;][et_pb_column type=&#8221;1_3&#8243; _builder_version=&#8221;4.0.7&#8243;][et_pb_image src=&#8221;https:\/\/www.tinshack.ca\/wp-content\/uploads\/2022\/12\/BLD_Logo_TopTab_Secondary_RGB-300-x-127-1.png&#8221; _builder_version=&#8221;4.4.2&#8243;][\/et_pb_image][\/et_pb_column][et_pb_column type=&#8221;1_3&#8243; _builder_version=&#8221;4.0.7&#8243;][\/et_pb_column][et_pb_column type=&#8221;1_3&#8243; _builder_version=&#8221;4.0.7&#8243;][et_pb_image src=&#8221;https:\/\/tinshack.ca\/mystaging03\/wp-content\/uploads\/2019\/10\/Glerups-logo-300&#215;150.jpg&#8221; url=&#8221;\/glerups\/&#8221; align=&#8221;center&#8221; _builder_version=&#8221;4.0.7&#8243; module_alignment=&#8221;center&#8221;][\/et_pb_image][\/et_pb_column][\/et_pb_row][\/et_pb_section][et_pb_section fb_built=&#8221;1&#8243; _builder_version=&#8221;4.4.1&#8243; background_image=&#8221;https:\/\/tinshack.ca\/mystaging03\/wp-content\/uploads\/2019\/10\/Tin-Shack-blank-grey.jpg&#8221; parallax=&#8221;on&#8221; locked=&#8221;off&#8221;][et_pb_row _builder_version=&#8221;4.4.1&#8243; background_color=&#8221;#ffffff&#8221; max_width=&#8221;1128px&#8221; max_width_tablet=&#8221;&#8221; max_width_phone=&#8221;&#8221; max_width_last_edited=&#8221;on|desktop&#8221; module_alignment=&#8221;center&#8221; custom_padding=&#8221;0px||0px|||&#8221;][et_pb_column type=&#8221;4_4&#8243; _builder_version=&#8221;4.4.1&#8243;][et_pb_gallery gallery_ids=&#8221;524,85,83,86&#8243; fullwidth=&#8221;on&#8221; _builder_version=&#8221;4.4.2&#8243; hover_enabled=&#8221;0&#8243; border_width_all=&#8221;2px&#8221; border_color_all=&#8221;#ffffff&#8221;][\/et_pb_gallery][\/et_pb_column][\/et_pb_row][\/et_pb_section][et_pb_section fb_built=&#8221;1&#8243; admin_label=&#8221;Service Section&#8221; _builder_version=&#8221;3.22&#8243; custom_margin=&#8221;|||&#8221; custom_padding=&#8221;31px||49px|||&#8221;][et_pb_row _builder_version=&#8221;4.3.4&#8243;][et_pb_column type=&#8221;4_4&#8243; _builder_version=&#8221;4.3.4&#8243; custom_padding_tablet=&#8221;&#8221; custom_padding_phone=&#8221;0px||||false|false&#8221; custom_padding_last_edited=&#8221;on|phone&#8221;][et_pb_text _builder_version=&#8221;4.4.2&#8243;]<\/p>\n<p style=\"text-align: center;\">Tin Shack est une entreprise de distribution de chaussures canadienne donc le credo est clair et simple : le confort, partout o\u00f9 \u00e7a compte. Nos marques Blundstone et Glerups sont d&#8217;ailleurs r\u00e9put\u00e9es pour leur confort exceptionnel et leur grande valeur qualit\u00e9\/prix. \u00ab\u00a0Le confort, partout o\u00f9 \u00e7a compte\u00a0\u00bb, c&#8217;est plus qu&#8217;un principe directeur.<\/p>\n<p style=\"text-align: center;\">\nC&#8217;est ce qui fait le bonheur de plus en plus de pieds sur la plan\u00e8te.<\/p>\n<p>[\/et_pb_text][\/et_pb_column][\/et_pb_row][\/et_pb_section][et_pb_section fb_built=&#8221;1&#8243; disabled_on=&#8221;on|on|on&#8221; admin_label=&#8221;Contact Form Section&#8221; _builder_version=&#8221;3.29.3&#8243; background_color=&#8221;#d6d6d6&#8243; custom_padding=&#8221;35px||59px|||&#8221; animation_style=&#8221;zoom&#8221; animation_direction=&#8221;bottom&#8221; animation_intensity_zoom=&#8221;10%&#8221; disabled=&#8221;on&#8221; saved_tabs=&#8221;all&#8221;][et_pb_row admin_label=&#8221;Service Section Title&#8221; _builder_version=&#8221;3.25&#8243; custom_margin=&#8221;|auto|22px|auto||&#8221; animation_style=&#8221;fade&#8221; animation_direction=&#8221;top&#8221; locked=&#8221;off&#8221;][et_pb_column type=&#8221;4_4&#8243; _builder_version=&#8221;3.25&#8243; custom_padding=&#8221;|||&#8221; custom_padding__hover=&#8221;|||&#8221;][et_pb_text admin_label=&#8221;Title&#8221; _builder_version=&#8221;3.27.4&#8243; text_font=&#8221;Montserrat||||||||&#8221; text_text_color=&#8221;#747d88&#8243; text_font_size=&#8221;16px&#8221; text_line_height=&#8221;1.9em&#8221; header_font=&#8221;||||||||&#8221; header_2_font=&#8221;Montserrat|700||on|||||&#8221; header_2_font_size=&#8221;42px&#8221; header_2_line_height=&#8221;1.3em&#8221; background_size=&#8221;initial&#8221; background_position=&#8221;top_left&#8221; background_repeat=&#8221;repeat&#8221; text_orientation=&#8221;center&#8221; max_width=&#8221;700px&#8221; module_alignment=&#8221;center&#8221; animation_style=&#8221;slide&#8221; animation_direction=&#8221;bottom&#8221; animation_intensity_slide=&#8221;4%&#8221;]<\/p>\n<h2><span style=\"color: #fff;\">Say Hello!<\/span><\/h2>\n<p>[\/et_pb_text][\/et_pb_column][\/et_pb_row][et_pb_row admin_label=&#8221;Contact Form&#8221; _builder_version=&#8221;3.25&#8243; animation_style=&#8221;fade&#8221;][et_pb_column type=&#8221;4_4&#8243; _builder_version=&#8221;3.25&#8243; custom_padding=&#8221;|||&#8221; custom_padding__hover=&#8221;|||&#8221;][et_pb_contact_form captcha=&#8221;off&#8221; submit_button_text=&#8221;Send&#8221; module_id=&#8221;et_pb_contact_form_0&#8243; _builder_version=&#8221;3.23&#8243; form_field_background_color=&#8221;rgba(255,255,255,0)&#8221; form_field_text_color=&#8221;#353740&#8243; form_field_font=&#8221;Montserrat||||&#8221; form_field_font_size=&#8221;16px&#8221; custom_button=&#8221;on&#8221; button_text_color=&#8221;#ffffff&#8221; button_border_width=&#8221;5px&#8221; button_border_color=&#8221;#ffffff&#8221; button_border_radius=&#8221;100px&#8221; button_letter_spacing=&#8221;2px&#8221; button_font=&#8221;Montserrat|on||on|&#8221; button_icon=&#8221;%%36%%&#8221; button_icon_color=&#8221;#ffffff&#8221; max_width=&#8221;800px&#8221; module_alignment=&#8221;center&#8221; animation_style=&#8221;fade&#8221; box_shadow_style=&#8221;preset7&#8243; box_shadow_horizontal=&#8221;0px&#8221; box_shadow_vertical=&#8221;-1px&#8221; box_shadow_color=&#8221;rgba(0,0,0,0.18)&#8221; form_background_color=&#8221;rgba(255,255,255,0)&#8221; button_text_color_hover=&#8221;#ffffff&#8221; button_bg_color_hover=&#8221;rgba(0,0,0,0)&#8221; button_border_color_hover=&#8221;#ffffff&#8221; button_letter_spacing_hover=&#8221;2px&#8221;][et_pb_contact_field field_id=&#8221;Name&#8221; field_title=&#8221;Name&#8221; fullwidth_field=&#8221;on&#8221; _builder_version=&#8221;3.16&#8243; button_text_size__hover_enabled=&#8221;off&#8221; button_one_text_size__hover_enabled=&#8221;off&#8221; button_two_text_size__hover_enabled=&#8221;off&#8221; button_text_color__hover_enabled=&#8221;off&#8221; button_one_text_color__hover_enabled=&#8221;off&#8221; button_two_text_color__hover_enabled=&#8221;off&#8221; button_border_width__hover_enabled=&#8221;off&#8221; button_one_border_width__hover_enabled=&#8221;off&#8221; button_two_border_width__hover_enabled=&#8221;off&#8221; button_border_color__hover_enabled=&#8221;off&#8221; button_one_border_color__hover_enabled=&#8221;off&#8221; button_two_border_color__hover_enabled=&#8221;off&#8221; button_border_radius__hover_enabled=&#8221;off&#8221; button_one_border_radius__hover_enabled=&#8221;off&#8221; button_two_border_radius__hover_enabled=&#8221;off&#8221; button_letter_spacing__hover_enabled=&#8221;off&#8221; button_one_letter_spacing__hover_enabled=&#8221;off&#8221; button_two_letter_spacing__hover_enabled=&#8221;off&#8221; button_bg_color__hover_enabled=&#8221;off&#8221; button_one_bg_color__hover_enabled=&#8221;off&#8221; button_two_bg_color__hover_enabled=&#8221;off&#8221;][\/et_pb_contact_field][et_pb_contact_field field_id=&#8221;Email&#8221; field_title=&#8221;Email Address&#8221; field_type=&#8221;email&#8221; fullwidth_field=&#8221;on&#8221; _builder_version=&#8221;3.16&#8243; button_text_size__hover_enabled=&#8221;off&#8221; button_one_text_size__hover_enabled=&#8221;off&#8221; button_two_text_size__hover_enabled=&#8221;off&#8221; button_text_color__hover_enabled=&#8221;off&#8221; button_one_text_color__hover_enabled=&#8221;off&#8221; button_two_text_color__hover_enabled=&#8221;off&#8221; button_border_width__hover_enabled=&#8221;off&#8221; button_one_border_width__hover_enabled=&#8221;off&#8221; button_two_border_width__hover_enabled=&#8221;off&#8221; button_border_color__hover_enabled=&#8221;off&#8221; button_one_border_color__hover_enabled=&#8221;off&#8221; button_two_border_color__hover_enabled=&#8221;off&#8221; button_border_radius__hover_enabled=&#8221;off&#8221; button_one_border_radius__hover_enabled=&#8221;off&#8221; button_two_border_radius__hover_enabled=&#8221;off&#8221; button_letter_spacing__hover_enabled=&#8221;off&#8221; button_one_letter_spacing__hover_enabled=&#8221;off&#8221; button_two_letter_spacing__hover_enabled=&#8221;off&#8221; button_bg_color__hover_enabled=&#8221;off&#8221; button_one_bg_color__hover_enabled=&#8221;off&#8221; button_two_bg_color__hover_enabled=&#8221;off&#8221;][\/et_pb_contact_field][et_pb_contact_field field_id=&#8221;Company&#8221; field_title=&#8221;Company Name&#8221; fullwidth_field=&#8221;on&#8221; _builder_version=&#8221;3.16&#8243; button_text_size__hover_enabled=&#8221;off&#8221; button_one_text_size__hover_enabled=&#8221;off&#8221; button_two_text_size__hover_enabled=&#8221;off&#8221; button_text_color__hover_enabled=&#8221;off&#8221; button_one_text_color__hover_enabled=&#8221;off&#8221; button_two_text_color__hover_enabled=&#8221;off&#8221; button_border_width__hover_enabled=&#8221;off&#8221; button_one_border_width__hover_enabled=&#8221;off&#8221; button_two_border_width__hover_enabled=&#8221;off&#8221; button_border_color__hover_enabled=&#8221;off&#8221; button_one_border_color__hover_enabled=&#8221;off&#8221; button_two_border_color__hover_enabled=&#8221;off&#8221; button_border_radius__hover_enabled=&#8221;off&#8221; button_one_border_radius__hover_enabled=&#8221;off&#8221; button_two_border_radius__hover_enabled=&#8221;off&#8221; button_letter_spacing__hover_enabled=&#8221;off&#8221; button_one_letter_spacing__hover_enabled=&#8221;off&#8221; button_two_letter_spacing__hover_enabled=&#8221;off&#8221; button_bg_color__hover_enabled=&#8221;off&#8221; button_one_bg_color__hover_enabled=&#8221;off&#8221; button_two_bg_color__hover_enabled=&#8221;off&#8221;][\/et_pb_contact_field][et_pb_contact_field field_id=&#8221;Message&#8221; field_title=&#8221;Message&#8221; field_type=&#8221;text&#8221; fullwidth_field=&#8221;on&#8221; _builder_version=&#8221;3.16&#8243; custom_margin=&#8221;||60px|&#8221; custom_padding=&#8221;|||&#8221; button_text_size__hover_enabled=&#8221;off&#8221; button_one_text_size__hover_enabled=&#8221;off&#8221; button_two_text_size__hover_enabled=&#8221;off&#8221; button_text_color__hover_enabled=&#8221;off&#8221; button_one_text_color__hover_enabled=&#8221;off&#8221; button_two_text_color__hover_enabled=&#8221;off&#8221; button_border_width__hover_enabled=&#8221;off&#8221; button_one_border_width__hover_enabled=&#8221;off&#8221; button_two_border_width__hover_enabled=&#8221;off&#8221; button_border_color__hover_enabled=&#8221;off&#8221; button_one_border_color__hover_enabled=&#8221;off&#8221; button_two_border_color__hover_enabled=&#8221;off&#8221; button_border_radius__hover_enabled=&#8221;off&#8221; button_one_border_radius__hover_enabled=&#8221;off&#8221; button_two_border_radius__hover_enabled=&#8221;off&#8221; button_letter_spacing__hover_enabled=&#8221;off&#8221; button_one_letter_spacing__hover_enabled=&#8221;off&#8221; button_two_letter_spacing__hover_enabled=&#8221;off&#8221; button_bg_color__hover_enabled=&#8221;off&#8221; button_one_bg_color__hover_enabled=&#8221;off&#8221; button_two_bg_color__hover_enabled=&#8221;off&#8221;][\/et_pb_contact_field][\/et_pb_contact_form][\/et_pb_column][\/et_pb_row][\/et_pb_section]<\/p>\n","protected":false},"excerpt":{"rendered":"<p>Tin Shack est une entreprise de distribution de chaussures canadienne donc le credo est clair et simple : le confort, partout o\u00f9 \u00e7a compte. Nos marques Blundstone et Glerups sont d&#8217;ailleurs r\u00e9put\u00e9es pour leur confort exceptionnel et leur grande valeur qualit\u00e9\/prix. \u00ab\u00a0Le confort, partout o\u00f9 \u00e7a compte\u00a0\u00bb, c&#8217;est plus qu&#8217;un principe directeur. C&#8217;est ce qui [&hellip;]<\/p>\n","protected":false},"author":1,"featured_media":0,"parent":0,"menu_order":0,"comment_status":"closed","ping_status":"closed","template":"","meta":{"_et_pb_use_builder":"on","_et_pb_old_content":"","_et_gb_content_width":"","_monsterinsights_skip_tracking":false,"_monsterinsights_sitenote_active":false,"_monsterinsights_sitenote_note":"","_monsterinsights_sitenote_category":0,"powered_cache_disable_cache":false,"footnotes":""},"class_list":["post-845","page","type-page","status-publish","hentry"],"yoast_head":"<!-- This site is optimized with the Yoast SEO plugin v24.6 - https:\/\/yoast.com\/wordpress\/plugins\/seo\/ -->\n<title>Accueil - Tin Shack Ltd<\/title>\n<meta name=\"robots\" content=\"noindex, follow, max-snippet:-1, max-image-preview:large, max-video-preview:-1\" \/>\n<meta property=\"og:locale\" content=\"en_US\" \/>\n<meta property=\"og:type\" content=\"article\" \/>\n<meta property=\"og:title\" content=\"Accueil - Tin Shack Ltd\" \/>\n<meta property=\"og:description\" content=\"Tin Shack est une entreprise de distribution de chaussures canadienne donc le credo est clair et simple : le confort, partout o\u00f9 \u00e7a compte. Nos marques Blundstone et Glerups sont d&#039;ailleurs r\u00e9put\u00e9es pour leur confort exceptionnel et leur grande valeur qualit\u00e9\/prix. \u00ab\u00a0Le confort, partout o\u00f9 \u00e7a compte\u00a0\u00bb, c&#039;est plus qu&#039;un principe directeur. C&#039;est ce qui [&hellip;]\" \/>\n<meta property=\"og:url\" content=\"https:\/\/tinshack.ca\/mystaging03\/fr\/accueil\/\" \/>\n<meta property=\"og:site_name\" content=\"Tin Shack Ltd\" \/>\n<meta property=\"article:modified_time\" content=\"2023-05-02T18:11:11+00:00\" \/>\n<meta name=\"twitter:card\" content=\"summary_large_image\" \/>\n<meta name=\"twitter:label1\" content=\"Est. reading time\" \/>\n\t<meta name=\"twitter:data1\" content=\"6 minutes\" \/>\n<script type=\"application\/ld+json\" class=\"yoast-schema-graph\">{\"@context\":\"https:\/\/schema.org\",\"@graph\":[{\"@type\":\"WebPage\",\"@id\":\"https:\/\/tinshack.ca\/mystaging03\/fr\/accueil\/\",\"url\":\"https:\/\/tinshack.ca\/mystaging03\/fr\/accueil\/\",\"name\":\"Accueil - Tin Shack Ltd\",\"isPartOf\":{\"@id\":\"https:\/\/tinshack.ca\/mystaging03\/#website\"},\"datePublished\":\"2020-03-03T19:26:52+00:00\",\"dateModified\":\"2023-05-02T18:11:11+00:00\",\"breadcrumb\":{\"@id\":\"https:\/\/tinshack.ca\/mystaging03\/fr\/accueil\/#breadcrumb\"},\"inLanguage\":\"en-US\",\"potentialAction\":[{\"@type\":\"ReadAction\",\"target\":[\"https:\/\/tinshack.ca\/mystaging03\/fr\/accueil\/\"]}]},{\"@type\":\"BreadcrumbList\",\"@id\":\"https:\/\/tinshack.ca\/mystaging03\/fr\/accueil\/#breadcrumb\",\"itemListElement\":[{\"@type\":\"ListItem\",\"position\":1,\"name\":\"Home\",\"item\":\"https:\/\/tinshack.ca\/mystaging03\/\"},{\"@type\":\"ListItem\",\"position\":2,\"name\":\"Accueil\"}]},{\"@type\":\"WebSite\",\"@id\":\"https:\/\/tinshack.ca\/mystaging03\/#website\",\"url\":\"https:\/\/tinshack.ca\/mystaging03\/\",\"name\":\"Tin Shack Ltd\",\"description\":\"Comfort in all the right places.\",\"publisher\":{\"@id\":\"https:\/\/tinshack.ca\/mystaging03\/#organization\"},\"potentialAction\":[{\"@type\":\"SearchAction\",\"target\":{\"@type\":\"EntryPoint\",\"urlTemplate\":\"https:\/\/tinshack.ca\/mystaging03\/?s={search_term_string}\"},\"query-input\":{\"@type\":\"PropertyValueSpecification\",\"valueRequired\":true,\"valueName\":\"search_term_string\"}}],\"inLanguage\":\"en-US\"},{\"@type\":\"Organization\",\"@id\":\"https:\/\/tinshack.ca\/mystaging03\/#organization\",\"name\":\"Tin Shack Ltd\",\"url\":\"https:\/\/tinshack.ca\/mystaging03\/\",\"logo\":{\"@type\":\"ImageObject\",\"inLanguage\":\"en-US\",\"@id\":\"https:\/\/tinshack.ca\/mystaging03\/#\/schema\/logo\/image\/\",\"url\":\"https:\/\/staging.tinshack.ca\/wp-content\/uploads\/2020\/02\/TIN-SHACK-LOGO.svg\",\"contentUrl\":\"https:\/\/staging.tinshack.ca\/wp-content\/uploads\/2020\/02\/TIN-SHACK-LOGO.svg\",\"width\":482,\"height\":182,\"caption\":\"Tin Shack Ltd\"},\"image\":{\"@id\":\"https:\/\/tinshack.ca\/mystaging03\/#\/schema\/logo\/image\/\"}}]}<\/script>\n<!-- \/ Yoast SEO plugin. -->","yoast_head_json":{"title":"Accueil - Tin Shack Ltd","robots":{"index":"noindex","follow":"follow","max-snippet":"max-snippet:-1","max-image-preview":"max-image-preview:large","max-video-preview":"max-video-preview:-1"},"og_locale":"en_US","og_type":"article","og_title":"Accueil - Tin Shack Ltd","og_description":"Tin Shack est une entreprise de distribution de chaussures canadienne donc le credo est clair et simple : le confort, partout o\u00f9 \u00e7a compte. Nos marques Blundstone et Glerups sont d'ailleurs r\u00e9put\u00e9es pour leur confort exceptionnel et leur grande valeur qualit\u00e9\/prix. \u00ab\u00a0Le confort, partout o\u00f9 \u00e7a compte\u00a0\u00bb, c'est plus qu'un principe directeur. C'est ce qui [&hellip;]","og_url":"https:\/\/tinshack.ca\/mystaging03\/fr\/accueil\/","og_site_name":"Tin Shack Ltd","article_modified_time":"2023-05-02T18:11:11+00:00","twitter_card":"summary_large_image","twitter_misc":{"Est. reading time":"6 minutes"},"schema":{"@context":"https:\/\/schema.org","@graph":[{"@type":"WebPage","@id":"https:\/\/tinshack.ca\/mystaging03\/fr\/accueil\/","url":"https:\/\/tinshack.ca\/mystaging03\/fr\/accueil\/","name":"Accueil - Tin Shack Ltd","isPartOf":{"@id":"https:\/\/tinshack.ca\/mystaging03\/#website"},"datePublished":"2020-03-03T19:26:52+00:00","dateModified":"2023-05-02T18:11:11+00:00","breadcrumb":{"@id":"https:\/\/tinshack.ca\/mystaging03\/fr\/accueil\/#breadcrumb"},"inLanguage":"en-US","potentialAction":[{"@type":"ReadAction","target":["https:\/\/tinshack.ca\/mystaging03\/fr\/accueil\/"]}]},{"@type":"BreadcrumbList","@id":"https:\/\/tinshack.ca\/mystaging03\/fr\/accueil\/#breadcrumb","itemListElement":[{"@type":"ListItem","position":1,"name":"Home","item":"https:\/\/tinshack.ca\/mystaging03\/"},{"@type":"ListItem","position":2,"name":"Accueil"}]},{"@type":"WebSite","@id":"https:\/\/tinshack.ca\/mystaging03\/#website","url":"https:\/\/tinshack.ca\/mystaging03\/","name":"Tin Shack Ltd","description":"Comfort in all the right places.","publisher":{"@id":"https:\/\/tinshack.ca\/mystaging03\/#organization"},"potentialAction":[{"@type":"SearchAction","target":{"@type":"EntryPoint","urlTemplate":"https:\/\/tinshack.ca\/mystaging03\/?s={search_term_string}"},"query-input":{"@type":"PropertyValueSpecification","valueRequired":true,"valueName":"search_term_string"}}],"inLanguage":"en-US"},{"@type":"Organization","@id":"https:\/\/tinshack.ca\/mystaging03\/#organization","name":"Tin Shack Ltd","url":"https:\/\/tinshack.ca\/mystaging03\/","logo":{"@type":"ImageObject","inLanguage":"en-US","@id":"https:\/\/tinshack.ca\/mystaging03\/#\/schema\/logo\/image\/","url":"https:\/\/staging.tinshack.ca\/wp-content\/uploads\/2020\/02\/TIN-SHACK-LOGO.svg","contentUrl":"https:\/\/staging.tinshack.ca\/wp-content\/uploads\/2020\/02\/TIN-SHACK-LOGO.svg","width":482,"height":182,"caption":"Tin Shack Ltd"},"image":{"@id":"https:\/\/tinshack.ca\/mystaging03\/#\/schema\/logo\/image\/"}}]}},"jetpack_sharing_enabled":true,"_links":{"self":[{"href":"https:\/\/tinshack.ca\/mystaging03\/wp-json\/wp\/v2\/pages\/845","targetHints":{"allow":["GET"]}}],"collection":[{"href":"https:\/\/tinshack.ca\/mystaging03\/wp-json\/wp\/v2\/pages"}],"about":[{"href":"https:\/\/tinshack.ca\/mystaging03\/wp-json\/wp\/v2\/types\/page"}],"author":[{"embeddable":true,"href":"https:\/\/tinshack.ca\/mystaging03\/wp-json\/wp\/v2\/users\/1"}],"replies":[{"embeddable":true,"href":"https:\/\/tinshack.ca\/mystaging03\/wp-json\/wp\/v2\/comments?post=845"}],"version-history":[{"count":9,"href":"https:\/\/tinshack.ca\/mystaging03\/wp-json\/wp\/v2\/pages\/845\/revisions"}],"predecessor-version":[{"id":1323,"href":"https:\/\/tinshack.ca\/mystaging03\/wp-json\/wp\/v2\/pages\/845\/revisions\/1323"}],"wp:attachment":[{"href":"https:\/\/tinshack.ca\/mystaging03\/wp-json\/wp\/v2\/media?parent=845"}],"curies":[{"name":"wp","href":"https:\/\/api.w.org\/{rel}","templated":true}]}}